{"id":49,"date":"2025-09-24T06:32:13","date_gmt":"2025-09-24T05:32:13","guid":{"rendered":"https:\/\/prome.ddns.net\/?page_id=49"},"modified":"2026-02-04T08:04:09","modified_gmt":"2026-02-04T07:04:09","slug":"faq","status":"publish","type":"page","link":"https:\/\/www.lanreal.se\/?page_id=49","title":{"rendered":"FAQ"},"content":{"rendered":"<p class=\"zfr3Q CDt4Ke \" dir=\"ltr\"><strong><span class=\"C9DxTc \">\u2753 N\u00e4r och var?<\/span><\/strong><span class=\"C9DxTc \"><br \/>\n<\/span><span class=\"C9DxTc \">LAN Real VT26 genomf\u00f6rs p\u00e5 Nygatan 30 p\u00e5 plan 2 (D-ing\u00e5ngen) fredagen 20 februari klockan 15:00 &#8211; s\u00f6ndagen 22 februari klockan 15:00.<\/span><\/p>\n<p class=\"zfr3Q CDt4Ke \" dir=\"ltr\"><strong><span class=\"C9DxTc \">\u2753 Vad b\u00f6r jag ta med mig?<\/span><\/strong><span class=\"C9DxTc \"><br \/>\n<\/span><span class=\"C9DxTc \">Ett system att spela p\u00e5, dator, laptop eller konsol. H\u00f6rlurar (h\u00f6gtalare \u00e4r ej till\u00e5tet), mus och tangentbord. \u00d6ronproppar. Tjockt liggunderlag, uppbl\u00e5sbar madrass eller t\u00e4lts\u00e4ng. T\u00e4cke\/filt och kudde. Snacks och dryck. Str\u00f6mkablar och grenuttag, g\u00e4rna med \u00f6versp\u00e4nningsskydd. Spel som \u00e4r uppdaterade i f\u00f6rv\u00e4g.<\/span><\/p>\n<p class=\"zfr3Q CDt4Ke \" dir=\"ltr\"><strong><span class=\"C9DxTc \">\u2753 Finns det internet p\u00e5 plats?<\/span><\/strong><span class=\"C9DxTc \"><br \/>\n<\/span><span class=\"C9DxTc \">Ja, tillg\u00e5ng till v\u00e5rt egna labbn\u00e4t. Tillg\u00e5ng via kabel och \u00e4ven tr\u00e5dl\u00f6st.\u00a0<\/span><\/p>\n<p class=\"zfr3Q CDt4Ke \" dir=\"ltr\"><strong><span class=\"C9DxTc \">\u2753 F\u00e5r man ta med sig egen mat och dryck?<\/span><\/strong><span class=\"C9DxTc \"><br \/>\n<\/span><span class=\"C9DxTc \">Ja! Egen mat, snacks och dryck g\u00e5r bra. T\u00e4nk p\u00e5 att inte ha kladdiga saker n\u00e4ra datorn. Om du f\u00f6rorsakar skador p\u00e5 skolans egendom kan du bli \u00e5terbetalningsskyldig, se ordningsreglerna. Det finns kyl, mikro och porslin i elevpentryt.\u00a0<\/span><\/p>\n<p class=\"zfr3Q CDt4Ke \" dir=\"ltr\"><strong><span class=\"C9DxTc \">\u2753 M\u00e5ste man vara d\u00e4r hela tiden?<\/span><\/strong><span class=\"C9DxTc \"><br \/>\n<\/span><span class=\"C9DxTc \">Nej. Du m\u00e5ste d\u00e4remot meddela personal p\u00e5 plats om du avviker d\u00e5 vi hela tiden m\u00e5ste veta vilka som r\u00f6r sig i v\u00e5ra lokaler.<\/span><span class=\"C9DxTc \"><br \/>\n<\/span><span class=\"C9DxTc \">Insl\u00e4pp till entr\u00e9d\u00f6rren p\u00e5 Nygatan sker varje hel timma mellan kl 09-23. \u00d6vriga tider skall springet minimeras och insl\u00e4pp sker i samr\u00e5d med n\u00e5gon ur personalen.<\/span><\/p>\n<p class=\"zfr3Q CDt4Ke \" dir=\"ltr\"><strong><span class=\"C9DxTc \">\u2753 Vad h\u00e4nder om n\u00e5got g\u00e5r s\u00f6nder?<\/span><\/strong><span class=\"C9DxTc \"><br \/>\n<\/span><span class=\"C9DxTc \">Du ansvarar f\u00f6r din egen utrustning. Vi ansvarar inte f\u00f6r skador eller st\u00f6lder.<\/span><\/p>\n<p class=\"zfr3Q CDt4Ke \" dir=\"ltr\"><strong><span class=\"C9DxTc \">\u2753 \u00c4r det bara spel eller finns det andra aktiviteter?<\/span><\/strong><span class=\"C9DxTc \"><br \/>\n<\/span><span class=\"C9DxTc \">Tanken \u00e4r att deltagare disponerar \u00f6ver sin tid och g\u00f6r det dem vill sj\u00e4lv. Med det sagt s\u00e5 kommer vi att anordna lite aktiviteter, se <a href=\"https:\/\/www.lanreal.se\/?page_id=143\">denna sida<\/a>.<\/span><\/p>\n<p class=\"zfr3Q CDt4Ke \" dir=\"ltr\"><strong><span class=\"C9DxTc \">\u2753 Hur anm\u00e4ler jag mig?<\/span><\/strong><span class=\"C9DxTc \"><br \/>\n<\/span><span class=\"C9DxTc \"><a href=\"https:\/\/www.lanreal.se\/?page_id=53\">Anm\u00e4l dig senast 13 februari h\u00e4r<\/a>.<\/span><\/p>\n<p class=\"zfr3Q CDt4Ke \" dir=\"ltr\"><strong><span class=\"C9DxTc \">\u2753\u00a0<\/span><span class=\"C9DxTc \">F\u00e5r jag ta med egen utrustning som exempelvis sk\u00e4rm och egen stol<\/span><span class=\"C9DxTc \">?<\/span><\/strong><span class=\"C9DxTc \"><br \/>\n<\/span><span class=\"C9DxTc \">Ja. Du beh\u00f6ver dock meddela n\u00e5gon ansvarig om du tar med egen stol. Vi m\u00e5ste t\u00e4nka p\u00e5 m\u00f6blering och utrymningsv\u00e4gar.<\/span><\/p>\n","protected":false},"excerpt":{"rendered":"<p>\u2753 N\u00e4r och var? LAN Real VT26 genomf\u00f6rs p\u00e5 Nygatan 30 p\u00e5 plan 2 (D-ing\u00e5ngen) fredagen 20 februari klockan 15:00 &#8211; s\u00f6ndagen 22 februari klockan 15:00. \u2753 Vad b\u00f6r jag ta med mig? Ett system att spela p\u00e5, dator, laptop eller konsol. H\u00f6rlurar (h\u00f6gtalare \u00e4r ej till\u00e5tet), mus och tangentbord. \u00d6ronproppar. Tjockt liggunderlag, uppbl\u00e5sbar madrass &hellip; <a href=\"https:\/\/www.lanreal.se\/?page_id=49\" class=\"more-link\">Forts\u00e4tt l\u00e4sa<span class=\"screen-reader-text\"> \u201dFAQ\u201d<\/span><\/a><\/p>\n","protected":false},"author":1,"featured_media":0,"parent":0,"menu_order":0,"comment_status":"closed","ping_status":"closed","template":"template-page-builder-no-sidebar.php","meta":{"footnotes":""},"class_list":["post-49","page","type-page","status-publish","hentry"],"_links":{"self":[{"href":"https:\/\/www.lanreal.se\/index.php?rest_route=\/wp\/v2\/pages\/49","targetHints":{"allow":["GET"]}}],"collection":[{"href":"https:\/\/www.lanreal.se\/index.php?rest_route=\/wp\/v2\/pages"}],"about":[{"href":"https:\/\/www.lanreal.se\/index.php?rest_route=\/wp\/v2\/types\/page"}],"author":[{"embeddable":true,"href":"https:\/\/www.lanreal.se\/index.php?rest_route=\/wp\/v2\/users\/1"}],"replies":[{"embeddable":true,"href":"https:\/\/www.lanreal.se\/index.php?rest_route=%2Fwp%2Fv2%2Fcomments&post=49"}],"version-history":[{"count":7,"href":"https:\/\/www.lanreal.se\/index.php?rest_route=\/wp\/v2\/pages\/49\/revisions"}],"predecessor-version":[{"id":150,"href":"https:\/\/www.lanreal.se\/index.php?rest_route=\/wp\/v2\/pages\/49\/revisions\/150"}],"wp:attachment":[{"href":"https:\/\/www.lanreal.se\/index.php?rest_route=%2Fwp%2Fv2%2Fmedia&parent=49"}],"curies":[{"name":"wp","href":"https:\/\/api.w.org\/{rel}","templated":true}]}}