{"id":43,"date":"2025-09-24T06:31:09","date_gmt":"2025-09-24T05:31:09","guid":{"rendered":"https:\/\/prome.ddns.net\/?page_id=43"},"modified":"2026-01-19T07:37:00","modified_gmt":"2026-01-19T06:37:00","slug":"ordningsregler","status":"publish","type":"page","link":"https:\/\/www.lanreal.se\/?page_id=43","title":{"rendered":"Ordningsregler"},"content":{"rendered":"<section id=\"h.64658c26802bff9a_171\" class=\"yaqOZd\">\n<div class=\"mYVXT\">\n<div class=\"LS81yb VICjCf j5pSsc db35Fc\" tabindex=\"-1\">\n<div class=\"hJDwNd-AhqUyc-uQSCkd Ft7HRd-AhqUyc-uQSCkd purZT-AhqUyc-II5mzb ZcASvf-AhqUyc-II5mzb pSzOP-AhqUyc-qWD73c Ktthjf-AhqUyc-qWD73c JNdkSc SQVYQc\">\n<div class=\"JNdkSc-SmKAyb LkDMRd\">\n<div class=\"\">\n<div class=\"oKdM2c ZZyype Kzv0Me\">\n<div id=\"h.64658c26802bff9a_168\" class=\"hJDwNd-AhqUyc-uQSCkd Ft7HRd-AhqUyc-uQSCkd jXK9ad D2fZ2 zu5uec OjCsFc dmUFtb wHaque g5GTcb\">\n<div class=\"jXK9ad-SmKAyb\">\n<div class=\"tyJCtd mGzaTb Depvyb baZpAe\">\n<h1 class=\"CjVfdc\"><span class=\"C9DxTc \">Ut\u00f6kade<\/span><span class=\"C9DxTc \">\u00a0spel- och trivselregler LAN Real.<\/span><\/h1>\n<ul>\n<li>Inget spring, skrikande, brottningsmatcher eller liknande.<\/li>\n<li>Alkohol eller andra berusningsmedel \u00e4r inte till\u00e5tna.<\/li>\n<li>Svensk lagstiftning g\u00e4ller. Mobbing, piratkopiering osv.<\/li>\n<li>Spel du t\u00e4nker spela m\u00e5ste vara nedladdade innan LAN&#8217;et. Vi har en begr\u00e4nsad bandbredd och nedladdningar f\u00f6r att du &#8221;gl\u00f6mt&#8221; f\u00f6rst\u00f6r f\u00f6r alla andra. Vi begr\u00e4nsar datorer som anv\u00e4nder f\u00f6r mycket bandbredd.<\/li>\n<li>Insl\u00e4pp till entr\u00e9d\u00f6rren p\u00e5 Nygatan sker varje hel timme mellan kl 09-23. \u00d6vriga tider skall springet minimeras och insl\u00e4pp sker i samr\u00e5d med n\u00e5gon ur personalen.<\/li>\n<li>Du f\u00e5r inte bjuda in kompisar eller sl\u00e4ppa in kompisar som vill &#8221;titta p\u00e5&#8221;. De enda som ska vara h\u00e4r \u00e4r de som \u00e4r anm\u00e4lda och funkisarna, dvs Realgymnasiets personal.<\/li>\n<li>Mat och dryck intas huvudsakligen i uppeh\u00e5llsutrymmet p\u00e5 plan 2. Mikrov\u00e5gsugn finns att tillg\u00e5, men det \u00e4r l\u00e4mpligt om du har med egen tallrik, bestick mm.<\/li>\n<li>N\u00e4r du kommer f\u00e5r du skriva p\u00e5 ett avtal som t\u00e4cker upp ditt ansvar f\u00f6r att f\u00f6lja dessa regler samt i de fall du l\u00e5nar utrustning att du ansvarar f\u00f6r att l\u00e5nad utrustning \u00e5terl\u00e4mnas i samma skick som n\u00e4r du l\u00e5nade dem. Utf\u00f6rligare finns information i avtalet.<\/li>\n<li>F\u00f6lj dessa regler f\u00f6r att vi alla ska f\u00e5 det s\u00e5 roligt och trevligt som m\u00f6jligt. Bryter du mot dessa regler blir du avvisad fr\u00e5n LAN och lokalerna och f\u00e5r ringa och be om h\u00e4mtning.<\/li>\n<\/ul>\n<\/div>\n<\/div>\n<\/div>\n<\/div>\n<\/div>\n<\/div>\n<\/div>\n<\/div>\n<\/div>\n<\/section>\n<section id=\"h.64658c26802bff9a_175\" class=\"yaqOZd\">\n<div class=\"IFuOkc\">\n<p>Innan du f\u00e5r packa upp din utrustning och ansluta till v\u00e5rt n\u00e4t s\u00e5 kommer du beh\u00f6va skriva under ett avtal g\u00e4llande datorer, utrustning och lokaler som g\u00e4ller specifikt under LANet. H\u00e4r nedanf\u00f6r finner du en kopia p\u00e5 det.<\/p>\n<hr \/>\n<\/div>\n<\/section>\n<div><\/div>\n<section id=\"h.64658c26802bff9a_269\" class=\"yaqOZd\">\n<div class=\"mYVXT\">\n<div class=\"LS81yb VICjCf j5pSsc db35Fc\" tabindex=\"-1\">\n<div class=\"hJDwNd-AhqUyc-uQSCkd Ft7HRd-AhqUyc-uQSCkd purZT-AhqUyc-II5mzb ZcASvf-AhqUyc-II5mzb pSzOP-AhqUyc-qWD73c Ktthjf-AhqUyc-qWD73c JNdkSc SQVYQc\">\n<div class=\"JNdkSc-SmKAyb LkDMRd\">\n<div class=\"\">\n<div class=\"oKdM2c ZZyype Kzv0Me\">\n<div id=\"h.64658c26802bff9a_266\" class=\"hJDwNd-AhqUyc-uQSCkd Ft7HRd-AhqUyc-uQSCkd jXK9ad D2fZ2 zu5uec OjCsFc dmUFtb wHaque g5GTcb\">\n<div class=\"jXK9ad-SmKAyb\">\n<div class=\"tyJCtd mGzaTb Depvyb baZpAe\">\n<h1 class=\"CjVfdc\"><span class=\"puwcIf C9DxTc \">Avtal avseende datorer, utrustning och lokaler under LAN Real<\/span><\/h1>\n<div>\n<p><em>Om du anv\u00e4nder skoldator g\u00e4ller f\u00f6ljande under LAN Real:<\/em><\/p>\n<p>Du ansvarar sj\u00e4lv f\u00f6r kostnader f\u00f6r reparation av skador p\u00e5 dator och laddare.<br \/>\nTill exempel skada pga. spilld mat och dryck, oaktsamhet samt vid eventuella problem orsakade av installation av datorspel eller annan mjukvara.<\/p>\n<p><em>Om du l\u00e5nar utrustning av Realgymnasiet under LAN p\u00e5 Real g\u00e4ller f\u00f6ljande:<\/em><\/p>\n<p>Du ansvarar f\u00f6r att l\u00e5nad utrustning, till exempel datorsk\u00e4rm, tangentbord eller mus \u00e5terl\u00e4mnas i utl\u00e4mnat skick, dvs eventuella skador p\u00e5 l\u00e5nad utrustning ers\u00e4tts till \u00e5teranskaffningspris.<\/p>\n<p><em>Skada p\u00e5 lokaler, inredning mm.<\/em><\/p>\n<p class=\"zfr3Q CDt4Ke \" dir=\"ltr\" role=\"presentation\"><span class=\"C9DxTc \">Vid eventuell skada du orsakar p\u00e5 lokaler och\/eller inredning anm\u00e4ls detta till skolledningen som tar st\u00e4llning till vilka ers\u00e4ttningskrav som st\u00e4lls till dig f\u00f6r \u00e5terst\u00e4llande av skadan.<\/span><\/p>\n<\/div>\n<p class=\"zfr3Q CDt4Ke \" dir=\"ltr\"><span class=\"C9DxTc \">\u00a0<\/span><\/p>\n<p>&nbsp;<\/p>\n<\/div>\n<\/div>\n<\/div>\n<\/div>\n<\/div>\n<\/div>\n<\/div>\n<\/div>\n<\/div>\n<\/section>\n","protected":false},"excerpt":{"rendered":"<p>Ut\u00f6kade\u00a0spel- och trivselregler LAN Real. Inget spring, skrikande, brottningsmatcher eller liknande. Alkohol eller andra berusningsmedel \u00e4r inte till\u00e5tna. Svensk lagstiftning g\u00e4ller. Mobbing, piratkopiering osv. Spel du t\u00e4nker spela m\u00e5ste vara nedladdade innan LAN&#8217;et. Vi har en begr\u00e4nsad bandbredd och nedladdningar f\u00f6r att du &#8221;gl\u00f6mt&#8221; f\u00f6rst\u00f6r f\u00f6r alla andra. Vi begr\u00e4nsar datorer som anv\u00e4nder f\u00f6r mycket &hellip; <a href=\"https:\/\/www.lanreal.se\/?page_id=43\" class=\"more-link\">Forts\u00e4tt l\u00e4sa<span class=\"screen-reader-text\"> \u201dOrdningsregler\u201d<\/span><\/a><\/p>\n","protected":false},"author":1,"featured_media":0,"parent":0,"menu_order":0,"comment_status":"closed","ping_status":"closed","template":"template-page-builder-no-sidebar.php","meta":{"footnotes":""},"class_list":["post-43","page","type-page","status-publish","hentry"],"_links":{"self":[{"href":"https:\/\/www.lanreal.se\/index.php?rest_route=\/wp\/v2\/pages\/43","targetHints":{"allow":["GET"]}}],"collection":[{"href":"https:\/\/www.lanreal.se\/index.php?rest_route=\/wp\/v2\/pages"}],"about":[{"href":"https:\/\/www.lanreal.se\/index.php?rest_route=\/wp\/v2\/types\/page"}],"author":[{"embeddable":true,"href":"https:\/\/www.lanreal.se\/index.php?rest_route=\/wp\/v2\/users\/1"}],"replies":[{"embeddable":true,"href":"https:\/\/www.lanreal.se\/index.php?rest_route=%2Fwp%2Fv2%2Fcomments&post=43"}],"version-history":[{"count":7,"href":"https:\/\/www.lanreal.se\/index.php?rest_route=\/wp\/v2\/pages\/43\/revisions"}],"predecessor-version":[{"id":140,"href":"https:\/\/www.lanreal.se\/index.php?rest_route=\/wp\/v2\/pages\/43\/revisions\/140"}],"wp:attachment":[{"href":"https:\/\/www.lanreal.se\/index.php?rest_route=%2Fwp%2Fv2%2Fmedia&parent=43"}],"curies":[{"name":"wp","href":"https:\/\/api.w.org\/{rel}","templated":true}]}}