{"id":143,"date":"2026-01-19T07:41:45","date_gmt":"2026-01-19T06:41:45","guid":{"rendered":"https:\/\/www.lanreal.se\/?page_id=143"},"modified":"2026-02-18T13:58:28","modified_gmt":"2026-02-18T12:58:28","slug":"aktiviteter-2","status":"publish","type":"page","link":"https:\/\/www.lanreal.se\/?page_id=143","title":{"rendered":"Aktiviteter"},"content":{"rendered":"<section id=\"h.64658c26802bff9a_265\" class=\"yaqOZd\">\n<div class=\"mYVXT\">\n<div class=\"LS81yb VICjCf j5pSsc db35Fc\" tabindex=\"-1\">\n<div class=\"hJDwNd-AhqUyc-uQSCkd Ft7HRd-AhqUyc-uQSCkd purZT-AhqUyc-II5mzb ZcASvf-AhqUyc-II5mzb pSzOP-AhqUyc-qWD73c Ktthjf-AhqUyc-qWD73c JNdkSc SQVYQc\">\n<div class=\"JNdkSc-SmKAyb LkDMRd\">\n<div class=\"\">\n<div class=\"oKdM2c ZZyype Kzv0Me\">\n<div id=\"h.64658c26802bff9a_262\" class=\"hJDwNd-AhqUyc-uQSCkd Ft7HRd-AhqUyc-uQSCkd jXK9ad D2fZ2 zu5uec OjCsFc dmUFtb wHaque g5GTcb\">\n<div class=\"jXK9ad-SmKAyb\">\n<div class=\"tyJCtd mGzaTb Depvyb baZpAe\">\n<h3 class=\"CjVfdc\"><span class=\"C9DxTc \">Filmvisning<\/span><\/h3>\n<p class=\"zfr3Q CDt4Ke \" dir=\"ltr\"><span class=\"C9DxTc \">Fredag<\/span><span class=\"C9DxTc \"><br \/>\n<\/span><span class=\"C9DxTc \">Kl 21:00 &#8211; <a class=\"XqQF9c\" href=\"https:\/\/www.imdb.com\/title\/tt0816692\/\" target=\"_blank\" rel=\"noopener\"><span class=\"C9DxTc aw5Odc \">Interstellar<\/span><\/a><br \/>\n<\/span><span class=\"C9DxTc \">Kl 00:00 &#8211; <a href=\"https:\/\/www.imdb.com\/title\/tt1663662\/\">Pacific Rim<\/a><\/span><\/p>\n<p dir=\"ltr\">L\u00f6rdag<br \/>\nKl 21:00 &#8211; <a href=\"https:\/\/www.imdb.com\/title\/tt0126029\/\">Shrek<\/a><br \/>\nkl 00:00 &#8211; <a href=\"https:\/\/www.imdb.com\/title\/tt1745960\/\">Top Gun Maverick<\/a><\/p>\n<hr \/>\n<\/div>\n<\/div>\n<\/div>\n<\/div>\n<\/div>\n<\/div>\n<\/div>\n<\/div>\n<\/div>\n<\/section>\n<section id=\"h.118b1f531354fdec_3\" class=\"yaqOZd\"><\/section>\n<section id=\"h.118b1f531354fdec_15\" class=\"yaqOZd\">\n<div class=\"mYVXT\">\n<div class=\"LS81yb VICjCf j5pSsc db35Fc\" tabindex=\"-1\">\n<div class=\"hJDwNd-AhqUyc-uQSCkd Ft7HRd-AhqUyc-uQSCkd purZT-AhqUyc-II5mzb ZcASvf-AhqUyc-II5mzb pSzOP-AhqUyc-qWD73c Ktthjf-AhqUyc-qWD73c JNdkSc SQVYQc\">\n<div class=\"JNdkSc-SmKAyb LkDMRd\">\n<div class=\"\">\n<div class=\"oKdM2c ZZyype Kzv0Me\">\n<div id=\"h.118b1f531354fdec_12\" class=\"hJDwNd-AhqUyc-uQSCkd Ft7HRd-AhqUyc-uQSCkd jXK9ad D2fZ2 zu5uec OjCsFc dmUFtb wHaque g5GTcb\">\n<div class=\"jXK9ad-SmKAyb\">\n<div class=\"tyJCtd mGzaTb Depvyb baZpAe\">\n<h3 class=\"zfr3Q CDt4Ke \" dir=\"ltr\">\u00d6vriga aktiviteter<\/h3>\n<p>Denna g\u00e5ng t\u00e4nker vi testa att l\u00e5ta aktiviteterna vara flytande, dvs att deltagare sj\u00e4lva ansvarar f\u00f6r vilka typer av turneringar som anordnas. Har du f\u00f6rslag eller beh\u00f6ver hj\u00e4lp att anordna, tveka inte att <a href=\"https:\/\/www.lanreal.se\/?page_id=51\">s\u00e4ga till<\/a>!<\/p>\n<\/div>\n<\/div>\n<\/div>\n<\/div>\n<\/div>\n<\/div>\n<\/div>\n<\/div>\n<\/div>\n<\/section>\n","protected":false},"excerpt":{"rendered":"<p>Filmvisning Fredag Kl 21:00 &#8211; Interstellar Kl 00:00 &#8211; Pacific Rim L\u00f6rdag Kl 21:00 &#8211; Shrek kl 00:00 &#8211; Top Gun Maverick \u00d6vriga aktiviteter Denna g\u00e5ng t\u00e4nker vi testa att l\u00e5ta aktiviteterna vara flytande, dvs att deltagare sj\u00e4lva ansvarar f\u00f6r vilka typer av turneringar som anordnas. Har du f\u00f6rslag eller beh\u00f6ver hj\u00e4lp att anordna, tveka &hellip; <a href=\"https:\/\/www.lanreal.se\/?page_id=143\" class=\"more-link\">Forts\u00e4tt l\u00e4sa<span class=\"screen-reader-text\"> \u201dAktiviteter\u201d<\/span><\/a><\/p>\n","protected":false},"author":1,"featured_media":0,"parent":0,"menu_order":0,"comment_status":"closed","ping_status":"closed","template":"template-page-builder-no-sidebar.php","meta":{"footnotes":""},"class_list":["post-143","page","type-page","status-publish","hentry"],"_links":{"self":[{"href":"https:\/\/www.lanreal.se\/index.php?rest_route=\/wp\/v2\/pages\/143","targetHints":{"allow":["GET"]}}],"collection":[{"href":"https:\/\/www.lanreal.se\/index.php?rest_route=\/wp\/v2\/pages"}],"about":[{"href":"https:\/\/www.lanreal.se\/index.php?rest_route=\/wp\/v2\/types\/page"}],"author":[{"embeddable":true,"href":"https:\/\/www.lanreal.se\/index.php?rest_route=\/wp\/v2\/users\/1"}],"replies":[{"embeddable":true,"href":"https:\/\/www.lanreal.se\/index.php?rest_route=%2Fwp%2Fv2%2Fcomments&post=143"}],"version-history":[{"count":5,"href":"https:\/\/www.lanreal.se\/index.php?rest_route=\/wp\/v2\/pages\/143\/revisions"}],"predecessor-version":[{"id":154,"href":"https:\/\/www.lanreal.se\/index.php?rest_route=\/wp\/v2\/pages\/143\/revisions\/154"}],"wp:attachment":[{"href":"https:\/\/www.lanreal.se\/index.php?rest_route=%2Fwp%2Fv2%2Fmedia&parent=143"}],"curies":[{"name":"wp","href":"https:\/\/api.w.org\/{rel}","templated":true}]}}