{"id":14,"date":"2025-09-23T19:56:03","date_gmt":"2025-09-23T18:56:03","guid":{"rendered":"https:\/\/prome.ddns.net\/?page_id=14"},"modified":"2026-01-19T07:34:03","modified_gmt":"2026-01-19T06:34:03","slug":"test","status":"publish","type":"page","link":"https:\/\/www.lanreal.se\/","title":{"rendered":"Startsida"},"content":{"rendered":"<h1 dir=\"ltr\">\ud83d\udcbb LAN Real VT26 20-22 februari 2026\ud83d\udcbb<\/h1>\n<p class=\"zfr3Q CDt4Ke \" dir=\"ltr\"><span class=\"C9DxTc \">Vi vill v\u00e4lkomna alla elever p\u00e5 Real att vara med p\u00e5 LAN Real VT26.<\/span><\/p>\n<p class=\"zfr3Q CDt4Ke \" dir=\"ltr\"><span class=\"C9DxTc \">Ett LAN-party \u00e4r ett evenemang d\u00e4r m\u00e4nniskor tar med sig sina datorer eller konsoler till en gemensam plats f\u00f6r att spela datorspel tillsammans. Deltagarna kopplar ihop sina datorer via ett lokalt n\u00e4tverk (LAN) f\u00f6r att spela, umg\u00e5s och t\u00e4vla i olika spel under en eller flera dagar. F\u00f6rutom datorspel kommer det ocks\u00e5 erbjudas andra aktiviteter s\u00e5som pingisturnering, filmvisning, bordshockey, Lego, Yatzy, kortspel, Uno, schack med mera.<\/span><\/p>\n<p class=\"zfr3Q CDt4Ke \" dir=\"ltr\"><span class=\"C9DxTc \">Anm\u00e4lan skall ske\u00a0<\/span><strong><span class=\"C9DxTc \">senast<\/span><\/strong><span class=\"C9DxTc \"> 13 februari. Vi har ett begr\u00e4nsat antal platser och det \u00e4r f\u00f6rst till kvarn som g\u00e4ller och din anm\u00e4lan \u00e4r bindande. <\/span><span class=\"C9DxTc \">Minst 10 deltagare f\u00f6r att vi skall k\u00f6ra.<\/span><\/p>\n<p class=\"zfr3Q CDt4Ke \" dir=\"ltr\"><span class=\"C9DxTc \">\u23f0<\/span><span class=\"C9DxTc \"><strong>Plats och tid<\/strong>:\u00a0<\/span><span class=\"C9DxTc \">Fredagen den 20 februari, 15:00 \u2013 s\u00f6ndagen den 22 fenruari 15:00 p\u00e5 Nygatan 30.<\/span><br \/>\n<strong><span class=\"C9DxTc \">Anm\u00e4lningsavgift:<\/span><\/strong><span class=\"C9DxTc \"> Gratis<\/span><br \/>\n<span class=\"C9DxTc \">\ud83c\udf2e<\/span><strong><span class=\"C9DxTc \">Mat:<\/span><\/strong><span class=\"C9DxTc \"> Deltagare ansvarar sj\u00e4lv f\u00f6r att ta med eller k\u00f6pa mat.\u00a0<\/span><\/p>\n","protected":false},"excerpt":{"rendered":"<p>\ud83d\udcbb LAN Real VT26 20-22 februari 2026\ud83d\udcbb Vi vill v\u00e4lkomna alla elever p\u00e5 Real att vara med p\u00e5 LAN Real VT26. Ett LAN-party \u00e4r ett evenemang d\u00e4r m\u00e4nniskor tar med sig sina datorer eller konsoler till en gemensam plats f\u00f6r att spela datorspel tillsammans. Deltagarna kopplar ihop sina datorer via ett lokalt n\u00e4tverk (LAN) f\u00f6r &hellip; <a href=\"https:\/\/www.lanreal.se\/\" class=\"more-link\">Forts\u00e4tt l\u00e4sa<span class=\"screen-reader-text\"> \u201dStartsida\u201d<\/span><\/a><\/p>\n","protected":false},"author":1,"featured_media":0,"parent":0,"menu_order":0,"comment_status":"closed","ping_status":"closed","template":"template-page-builder-no-sidebar.php","meta":{"footnotes":""},"class_list":["post-14","page","type-page","status-publish","hentry"],"_links":{"self":[{"href":"https:\/\/www.lanreal.se\/index.php?rest_route=\/wp\/v2\/pages\/14","targetHints":{"allow":["GET"]}}],"collection":[{"href":"https:\/\/www.lanreal.se\/index.php?rest_route=\/wp\/v2\/pages"}],"about":[{"href":"https:\/\/www.lanreal.se\/index.php?rest_route=\/wp\/v2\/types\/page"}],"author":[{"embeddable":true,"href":"https:\/\/www.lanreal.se\/index.php?rest_route=\/wp\/v2\/users\/1"}],"replies":[{"embeddable":true,"href":"https:\/\/www.lanreal.se\/index.php?rest_route=%2Fwp%2Fv2%2Fcomments&post=14"}],"version-history":[{"count":8,"href":"https:\/\/www.lanreal.se\/index.php?rest_route=\/wp\/v2\/pages\/14\/revisions"}],"predecessor-version":[{"id":138,"href":"https:\/\/www.lanreal.se\/index.php?rest_route=\/wp\/v2\/pages\/14\/revisions\/138"}],"wp:attachment":[{"href":"https:\/\/www.lanreal.se\/index.php?rest_route=%2Fwp%2Fv2%2Fmedia&parent=14"}],"curies":[{"name":"wp","href":"https:\/\/api.w.org\/{rel}","templated":true}]}}